{"id":828,"date":"2022-08-17T20:46:42","date_gmt":"2022-08-17T23:46:42","guid":{"rendered":"https:\/\/lavergneosteopathy.com\/rencontrez-marc\/"},"modified":"2022-08-31T19:57:31","modified_gmt":"2022-08-31T22:57:31","slug":"rencontrez-marc","status":"publish","type":"page","link":"https:\/\/lavergneosteopathy.com\/fr\/rencontrez-marc\/","title":{"rendered":"Rencontrez Marc"},"content":{"rendered":"<p>[et_pb_section fb_built=\u00a0\u00bb1&Prime; specialty=\u00a0\u00bbon\u00a0\u00bb _builder_version=\u00a0\u00bb4.9.3&Prime; _module_preset=\u00a0\u00bbdefault\u00a0\u00bb][et_pb_column type=\u00a0\u00bb1_2&Prime; specialty_columns=\u00a0\u00bb2&Prime; _builder_version=\u00a0\u00bb3.25&Prime; custom_padding=\u00a0\u00bb|||\u00a0\u00bb custom_padding__hover=\u00a0\u00bb|||\u00a0\u00bb][et_pb_row_inner _builder_version=\u00a0\u00bb4.9.3&Prime; _module_preset=\u00a0\u00bbdefault\u00a0\u00bb][et_pb_column_inner saved_specialty_column_type=\u00a0\u00bb1_2&Prime; _builder_version=\u00a0\u00bb4.9.3&Prime; _module_preset=\u00a0\u00bbdefault\u00a0\u00bb][et_pb_button button_url=\u00a0\u00bb@ET-DC@eyJkeW5hbWljIjp0cnVlLCJjb250ZW50IjoicG9zdF9saW5rX3VybF9wYWdlIiwic2V0dGluZ3MiOnsicG9zdF9pZCI6Ijc3MyJ9fQ==@\u00a0\u00bb button_text=\u00a0\u00bbL&rsquo;\u00e9quipe\u00a0\u00bb module_class=\u00a0\u00bbsmallButton fadedButton secondaryButton\u00a0\u00bb _builder_version=\u00a0\u00bb4.9.3&Prime; _dynamic_attributes=\u00a0\u00bbbutton_url\u00a0\u00bb _module_preset=\u00a0\u00bbdefault\u00a0\u00bb custom_margin=\u00a0\u00bb||24px||false|false\u00a0\u00bb][\/et_pb_button][et_pb_text admin_label=\u00a0\u00bbTitle\u00a0\u00bb _builder_version=\u00a0\u00bb4.9.3&Prime; _module_preset=\u00a0\u00bbdefault\u00a0\u00bb text_font=\u00a0\u00bbOpen Sans||||||||\u00a0\u00bb custom_margin=\u00a0\u00bb||24px||false|false\u00a0\u00bb hover_enabled=\u00a0\u00bb0&Prime; sticky_enabled=\u00a0\u00bb0&Prime;]<\/p>\n<h1 style=\"padding-bottom: 0px; margin-bottom: 0px;\">Marc Evers <span style=\"font-size: 14px; font-weight: bold;\">D.O., BSc.Kin<\/span><\/h1>\n<p style=\"font-size: 14px;\">Ost\u00e9opathe<\/p>\n<p>[\/et_pb_text][et_pb_text admin_label=\u00a0\u00bbBio\u00a0\u00bb _builder_version=\u00a0\u00bb4.9.3&Prime; _module_preset=\u00a0\u00bbdefault\u00a0\u00bb]<\/p>\n<p>Marc a obtenu son dipl\u00f4me du Coll\u00e8ge d\u2019\u00c9tudes Ost\u00e9opathique \u00e0 Montr\u00e9al (CEO) en 2022.<\/p>\n<p>Comme tous les professionnels de la clinique, Marc travaille avec une client\u00e8le vari\u00e9e. Th\u00e9rapeute d\u00e9vou\u00e9, il contribue quotidiennement au bien-\u00eatre de ses patients et patientes en privil\u00e9giant une approche pr\u00e9ventive.<\/p>\n<p>Ex-cycliste de comp\u00e9tition, Marc est \u00e9galement titulaire d\u2019un baccalaur\u00e9at en kin\u00e9siologie de l\u2019Universit\u00e9 de Moncton. Les sportifs et sportives trouvent donc en lui plus qu\u2019un alli\u00e9; il peut les aider \u00e0 se remettre sur pied ou \u00e0 am\u00e9liorer leurs performances. \u00c9tant donn\u00e9 qu\u2019il est toujours tr\u00e8s actif, il y a des chances que vous le croisiez \u00e0 v\u00e9lo, en randonn\u00e9e, en cano\u00eb, en ski ou sur un terrain de golf.<\/p>\n<p>Autres sanctions d\u2019\u00e9tudes\u00a0:<br \/>\n*Les dysfonctions de l\u2019\u00e9paule et de la ceinture scapulaire (2022)<br \/>\n*La dynamique de l\u2019arbre vasculaire et le m\u00e9canisme des pressions (2022)<\/p>\n<p>[\/et_pb_text][\/et_pb_column_inner][\/et_pb_row_inner][\/et_pb_column][et_pb_column type=\u00a0\u00bb1_2&Prime; _builder_version=\u00a0\u00bb3.25&Prime; custom_padding=\u00a0\u00bb|||\u00a0\u00bb custom_padding__hover=\u00a0\u00bb|||\u00a0\u00bb][et_pb_image src=\u00a0\u00bbhttps:\/\/lavergneosteopathy.com\/wp-content\/uploads\/2022\/08\/Marc_Evers_786x1100.jpg\u00a0\u00bb alt=\u00a0\u00bbPhoto de l&rsquo;ost\u00e9opathe Marc Evers\u00a0\u00bb title_text=\u00a0\u00bbMarc Evers\u00a0\u00bb _builder_version=\u00a0\u00bb4.9.3&Prime; _module_preset=\u00a0\u00bbdefault\u00a0\u00bb max_width=\u00a0\u00bb346px\u00a0\u00bb module_alignment=\u00a0\u00bbcenter\u00a0\u00bb custom_margin=\u00a0\u00bb||42px||false|false\u00a0\u00bb custom_padding=\u00a0\u00bb||30px||false|false\u00a0\u00bb sticky_limit_bottom=\u00a0\u00bbsection\u00a0\u00bb border_radii=\u00a0\u00bbon|6px|6px|6px|6px\u00a0\u00bb][\/et_pb_image][\/et_pb_column][\/et_pb_section]<\/p>\n","protected":false},"excerpt":{"rendered":"<p>[et_pb_section fb_built=\u00a0\u00bb1&Prime; specialty=\u00a0\u00bbon\u00a0\u00bb _builder_version=\u00a0\u00bb4.9.3&Prime; _module_preset=\u00a0\u00bbdefault\u00a0\u00bb][et_pb_column type=\u00a0\u00bb1_2&Prime; specialty_columns=\u00a0\u00bb2&Prime; _builder_version=\u00a0\u00bb3.25&Prime; custom_padding=\u00a0\u00bb|||\u00a0\u00bb custom_padding__hover=\u00a0\u00bb|||\u00a0\u00bb][et_pb_row_inner _builder_version=\u00a0\u00bb4.9.3&Prime; _module_preset=\u00a0\u00bbdefault\u00a0\u00bb][et_pb_column_inner saved_specialty_column_type=\u00a0\u00bb1_2&Prime; _builder_version=\u00a0\u00bb4.9.3&Prime; _module_preset=\u00a0\u00bbdefault\u00a0\u00bb][et_pb_button button_url=\u00a0\u00bb@ET-DC@eyJkeW5hbWljIjp0cnVlLCJjb250ZW50IjoicG9zdF9saW5rX3VybF9wYWdlIiwic2V0dGluZ3MiOnsicG9zdF9pZCI6Ijc3MyJ9fQ==@\u00a0\u00bb button_text=\u00a0\u00bbL&rsquo;\u00e9quipe\u00a0\u00bb module_class=\u00a0\u00bbsmallButton fadedButton secondaryButton\u00a0\u00bb _builder_version=\u00a0\u00bb4.9.3&Prime; _dynamic_attributes=\u00a0\u00bbbutton_url\u00a0\u00bb _module_preset=\u00a0\u00bbdefault\u00a0\u00bb custom_margin=\u00a0\u00bb||24px||false|false\u00a0\u00bb][\/et_pb_button][et_pb_text admin_label=\u00a0\u00bbTitle\u00a0\u00bb _builder_version=\u00a0\u00bb4.9.3&Prime; _module_preset=\u00a0\u00bbdefault\u00a0\u00bb text_font=\u00a0\u00bbOpen Sans||||||||\u00a0\u00bb custom_margin=\u00a0\u00bb||24px||false|false\u00a0\u00bb hover_enabled=\u00a0\u00bb0&Prime; sticky_enabled=\u00a0\u00bb0&Prime;] Marc Evers D.O., BSc.Kin Ost\u00e9opathe [\/et_pb_text][et_pb_text admin_label=\u00a0\u00bbBio\u00a0\u00bb _builder_version=\u00a0\u00bb4.9.3&Prime; _module_preset=\u00a0\u00bbdefault\u00a0\u00bb] Marc a obtenu son dipl\u00f4me du Coll\u00e8ge d\u2019\u00c9tudes Ost\u00e9opathique \u00e0 Montr\u00e9al (CEO) en 2022. [&hellip;]<\/p>\n","protected":false},"author":1,"featured_media":0,"parent":0,"menu_order":0,"comment_status":"closed","ping_status":"closed","template":"","meta":{"_et_pb_use_builder":"on","_et_pb_old_content":"","_et_gb_content_width":"","footnotes":""},"class_list":["post-828","page","type-page","status-publish","hentry"],"_links":{"self":[{"href":"https:\/\/lavergneosteopathy.com\/fr\/wp-json\/wp\/v2\/pages\/828","targetHints":{"allow":["GET"]}}],"collection":[{"href":"https:\/\/lavergneosteopathy.com\/fr\/wp-json\/wp\/v2\/pages"}],"about":[{"href":"https:\/\/lavergneosteopathy.com\/fr\/wp-json\/wp\/v2\/types\/page"}],"author":[{"embeddable":true,"href":"https:\/\/lavergneosteopathy.com\/fr\/wp-json\/wp\/v2\/users\/1"}],"replies":[{"embeddable":true,"href":"https:\/\/lavergneosteopathy.com\/fr\/wp-json\/wp\/v2\/comments?post=828"}],"version-history":[{"count":7,"href":"https:\/\/lavergneosteopathy.com\/fr\/wp-json\/wp\/v2\/pages\/828\/revisions"}],"predecessor-version":[{"id":900,"href":"https:\/\/lavergneosteopathy.com\/fr\/wp-json\/wp\/v2\/pages\/828\/revisions\/900"}],"wp:attachment":[{"href":"https:\/\/lavergneosteopathy.com\/fr\/wp-json\/wp\/v2\/media?parent=828"}],"curies":[{"name":"wp","href":"https:\/\/api.w.org\/{rel}","templated":true}]}}