{"id":399,"date":"2021-03-25T00:03:08","date_gmt":"2021-03-25T00:03:08","guid":{"rendered":"http:\/\/dev.lavergneosteopathy.com\/lhistoire\/"},"modified":"2021-05-06T20:55:39","modified_gmt":"2021-05-06T23:55:39","slug":"lhistoire","status":"publish","type":"page","link":"https:\/\/lavergneosteopathy.com\/fr\/lhistoire\/","title":{"rendered":"Histoire"},"content":{"rendered":"<p>[et_pb_section fb_built=\u00a0\u00bb1&Prime; specialty=\u00a0\u00bbon\u00a0\u00bb module_class_1=\u00a0\u00bbsidebarMenu\u00a0\u00bb module_class_2=\u00a0\u00bbnarrowTextColumn\u00a0\u00bb _builder_version=\u00a0\u00bb4.6.5&Prime;][et_pb_column type=\u00a0\u00bb1_4&Prime; _builder_version=\u00a0\u00bb3.25&Prime; custom_padding=\u00a0\u00bb|||\u00a0\u00bb custom_padding__hover=\u00a0\u00bb|||\u00a0\u00bb]<\/p>\n<p>[et_pb_menu menu_id=\u00a0\u00bb5&Prime; submenu_direction=\u00a0\u00bbdownwards\u00a0\u00bb disabled_on=\u00a0\u00bbon|on|off\u00a0\u00bb admin_label=\u00a0\u00bbAbout\u00a0\u00bb _builder_version=\u00a0\u00bb4.6.5&Prime; menu_font=\u00a0\u00bbOpen Sans||||||||\u00a0\u00bb menu_text_color=\u00a0\u00bb#101010&Prime; vertical_offset_tablet=\u00a0\u00bb0&Prime; horizontal_offset_tablet=\u00a0\u00bb0&Prime; sticky_position=\u00a0\u00bbtop\u00a0\u00bb sticky_offset_top=\u00a0\u00bb18px\u00a0\u00bb sticky_limit_bottom=\u00a0\u00bbrow\u00a0\u00bb z_index_tablet=\u00a0\u00bb0&Prime; active_link_color__sticky_enabled=\u00a0\u00bboff|desktop\u00a0\u00bb][\/et_pb_menu]<\/p>\n<p>[\/et_pb_column][et_pb_column type=\u00a0\u00bb3_4&Prime; specialty_columns=\u00a0\u00bb3&Prime; _builder_version=\u00a0\u00bb3.25&Prime; custom_padding=\u00a0\u00bb|||\u00a0\u00bb custom_padding__hover=\u00a0\u00bb|||\u00a0\u00bb][et_pb_row_inner _builder_version=\u00a0\u00bb3.25&Prime;][et_pb_column_inner saved_specialty_column_type=\u00a0\u00bb3_4&Prime; _builder_version=\u00a0\u00bb3.25&Prime; custom_padding=\u00a0\u00bb|||\u00a0\u00bb custom_padding__hover=\u00a0\u00bb|||\u00a0\u00bb][et_pb_post_title meta=\u00a0\u00bboff\u00a0\u00bb featured_image=\u00a0\u00bboff\u00a0\u00bb _builder_version=\u00a0\u00bb4.6.5&Prime; _module_preset=\u00a0\u00bbdefault\u00a0\u00bb][\/et_pb_post_title][et_pb_text _builder_version=\u00a0\u00bb4.6.5&Prime; vertical_offset_tablet=\u00a0\u00bb0&Prime; horizontal_offset_tablet=\u00a0\u00bb0&Prime; z_index_tablet=\u00a0\u00bb0&Prime; text_text_shadow_horizontal_length_tablet=\u00a0\u00bb0px\u00a0\u00bb text_text_shadow_vertical_length_tablet=\u00a0\u00bb0px\u00a0\u00bb text_text_shadow_blur_strength_tablet=\u00a0\u00bb1px\u00a0\u00bb link_text_shadow_horizontal_length_tablet=\u00a0\u00bb0px\u00a0\u00bb link_text_shadow_vertical_length_tablet=\u00a0\u00bb0px\u00a0\u00bb link_text_shadow_blur_strength_tablet=\u00a0\u00bb1px\u00a0\u00bb ul_text_shadow_horizontal_length_tablet=\u00a0\u00bb0px\u00a0\u00bb ul_text_shadow_vertical_length_tablet=\u00a0\u00bb0px\u00a0\u00bb ul_text_shadow_blur_strength_tablet=\u00a0\u00bb1px\u00a0\u00bb ol_text_shadow_horizontal_length_tablet=\u00a0\u00bb0px\u00a0\u00bb ol_text_shadow_vertical_length_tablet=\u00a0\u00bb0px\u00a0\u00bb ol_text_shadow_blur_strength_tablet=\u00a0\u00bb1px\u00a0\u00bb quote_text_shadow_horizontal_length_tablet=\u00a0\u00bb0px\u00a0\u00bb quote_text_shadow_vertical_length_tablet=\u00a0\u00bb0px\u00a0\u00bb quote_text_shadow_blur_strength_tablet=\u00a0\u00bb1px\u00a0\u00bb header_text_shadow_horizontal_length_tablet=\u00a0\u00bb0px\u00a0\u00bb header_text_shadow_vertical_length_tablet=\u00a0\u00bb0px\u00a0\u00bb header_text_shadow_blur_strength_tablet=\u00a0\u00bb1px\u00a0\u00bb header_2_text_shadow_horizontal_length_tablet=\u00a0\u00bb0px\u00a0\u00bb header_2_text_shadow_vertical_length_tablet=\u00a0\u00bb0px\u00a0\u00bb header_2_text_shadow_blur_strength_tablet=\u00a0\u00bb1px\u00a0\u00bb header_3_text_shadow_horizontal_length_tablet=\u00a0\u00bb0px\u00a0\u00bb header_3_text_shadow_vertical_length_tablet=\u00a0\u00bb0px\u00a0\u00bb header_3_text_shadow_blur_strength_tablet=\u00a0\u00bb1px\u00a0\u00bb header_4_text_shadow_horizontal_length_tablet=\u00a0\u00bb0px\u00a0\u00bb header_4_text_shadow_vertical_length_tablet=\u00a0\u00bb0px\u00a0\u00bb header_4_text_shadow_blur_strength_tablet=\u00a0\u00bb1px\u00a0\u00bb header_5_text_shadow_horizontal_length_tablet=\u00a0\u00bb0px\u00a0\u00bb header_5_text_shadow_vertical_length_tablet=\u00a0\u00bb0px\u00a0\u00bb header_5_text_shadow_blur_strength_tablet=\u00a0\u00bb1px\u00a0\u00bb header_6_text_shadow_horizontal_length_tablet=\u00a0\u00bb0px\u00a0\u00bb header_6_text_shadow_vertical_length_tablet=\u00a0\u00bb0px\u00a0\u00bb header_6_text_shadow_blur_strength_tablet=\u00a0\u00bb1px\u00a0\u00bb box_shadow_horizontal_tablet=\u00a0\u00bb0px\u00a0\u00bb box_shadow_vertical_tablet=\u00a0\u00bb0px\u00a0\u00bb box_shadow_blur_tablet=\u00a0\u00bb40px\u00a0\u00bb box_shadow_spread_tablet=\u00a0\u00bb0px\u00a0\u00bb]<\/p>\n<p>Andrew Taylor Still, le p\u00e8re de l\u2019ost\u00e9opathie, est n\u00e9 en 1828 pr\u00e8s de Jonesboro, Lee County, en Virginie, dans la r\u00e9gion de \u201cBlue Ridge Mountain\u201d, qui est d\u00e9crite \u00e0 l\u2019\u00e9poque comme \u00e9tant \u00ab hors des sentiers battus \u00bb de la civilisation.<\/p>\n<p>[\/et_pb_text][et_pb_image src=\u00a0\u00bbhttps:\/\/lavergneosteopathy.com\/wp-content\/uploads\/2020\/10\/AndrewTaylorStill-Wide.jpg\u00a0\u00bb title_text=\u00a0\u00bbAndrewTaylorStill-Wide\u00a0\u00bb _builder_version=\u00a0\u00bb4.6.5&Prime; _module_preset=\u00a0\u00bbdefault\u00a0\u00bb custom_margin=\u00a0\u00bb45px||51px||false|false\u00a0\u00bb][\/et_pb_image][et_pb_text _builder_version=\u00a0\u00bb4.6.5&Prime; _module_preset=\u00a0\u00bbdefault\u00a0\u00bb hover_enabled=\u00a0\u00bb0&Prime; sticky_enabled=\u00a0\u00bb0&Prime;]<\/p>\n<p>Son p\u00e8re, Abram Still, \u00e9tait un pr\u00e9dicateur m\u00e9thodiste qui allait \u00e0 cheval de place en place pr\u00eacher la Bible. En 1837, lors d\u2019un rassemblement m\u00e9thodiste, on d\u00e9signe Abram Still comme missionnaire au Missouri. Il faut mentionner que les missionnaires de ce temps \u00e9taient per\u00e7us comme des m\u00e9decins qui voyaient au bien de l\u2019\u00e2me et du corps du peuple. \u00c0 ce sujet, sa femme, malgr\u00e9 les d\u00e9m\u00e9nagements qu\u2019ils avaient \u00e0 faire, est d\u00e9sireuse d\u2019avoir des enfants forts et \u00e9duqu\u00e9s. Elle d\u00e9cide d\u2019envoyer son petit Andrew dans une famille presbyt\u00e9rienne, l\u00e0 o\u00f9 il serait bien pris en charge avec une bonne \u00e9ducation et avec des r\u00e8gles fermes.<\/p>\n<p>Andrew grandit en aspirant \u00e0 suivre les traces de son p\u00e8re. Ainsi, au d\u00e9but de la vingtaine, il d\u00e9cide de poursuivre ses \u00e9tudes au Coll\u00e8ge de M\u00e9decine de Kansas City. C\u2019est apr\u00e8s ses \u00e9tudes qu\u2019il rejoint son p\u00e8re et son fr\u00e8re a\u00een\u00e9 pour pratiquer avec eux.<\/p>\n<p>En 1855, le docteur Still pratique dans tout le territoire du Kansas pendant la guerre civile. Il exprime ses croyances en la libert\u00e9 pour l\u2019humanit\u00e9, quelle que soit la couleur de peau. Il s&#8217;emploie \u00e0 aider l\u2019humanit\u00e9 comme chirurgien de l\u2019arm\u00e9e, m\u00e9decin et ing\u00e9nieur du corps humain (il repla\u00e7ait les os d\u00e9plac\u00e9s). Il aidait les gens d\u00e9sesp\u00e9r\u00e9s et affam\u00e9s en exer\u00e7ant une aide-humanitaire sans limites. Il \u00e9tait un combattant dans tous les sens du mot ; sur la ligne de front, il se souciait de son prochain. En 1857, le docteur Still se joint \u00e0 la premi\u00e8re l\u00e9gislature du Kansas. Alors qu\u2019il est mari\u00e9 et p\u00e8re de famille, il s\u2019installe dans une ferme et continue de pratiquer la m\u00e9decine.<\/p>\n<p>Il a aussi v\u00e9cu de tristes \u00e9preuves familiales dues \u00e0 la maladie.<\/p>\n<p>Le docteur Still est aussi qualifi\u00e9 de naturaliste pour sa connaissance des plantes et des herbes et leurs propri\u00e9t\u00e9s m\u00e9dicinales. Il est d\u00e9crit comme un homme qui \u00ab t\u00e9moigna sa foi \u00e0 toute chose simple\u00a0\u00bb. Andrew Taylor Still avait une forte conviction que ce n\u2019\u00e9tait pas assez de soulager la douleur ou de seulement chercher \u00e0 gu\u00e9rir. Il se souciait surtout du \u00abpourquoi\u00a0\u00bb, pour cibler la cause de la maladie. Il ne voulait pas apprivoiser la maladie et la prendre comme un fait de la vie, mais bien trouver les causes des sympt\u00f4mes.<\/p>\n<p>[\/et_pb_text][et_pb_text module_class=\u00a0\u00bbcalloutTextModule\u00a0\u00bb _builder_version=\u00a0\u00bb4.6.5&Prime; _module_preset=\u00a0\u00bbdefault\u00a0\u00bb]<\/p>\n<p>\u201cLaisser un homme violer les lois de la nature, \u00eatre sous-aliment\u00e9, suraliment\u00e9, d\u00e9rang\u00e9 mentalement, ou laisser la pression de l&rsquo;os jouer sur les art\u00e8res, perturbant ainsi la circulation, ou la pression des os sur le nerf, et cet individu peut avoir une ou une douzaine de soi-disant maladies.\u201d<\/p>\n<p><em>DR. Andrew Taylor Still (Hubbard, p.14)<\/em><\/p>\n<p>[\/et_pb_text][et_pb_text _builder_version=\u00a0\u00bb4.6.5&Prime; _module_preset=\u00a0\u00bbdefault\u00a0\u00bb]<\/p>\n<p>De 1860 \u00e0 1874, tout en enseignant, il continuait \u00e0 \u00e9tudier, \u00e0 faire des recherches, \u00e0 suivre son intuition et ses croyances pour finalement mettre au jour le 22 juin 1874, sa th\u00e8se qui donna naissance \u00e0 la science de l\u2019ost\u00e9opathie. Le docteur Still a fait preuve d\u2019un grand courage et d\u2019une forte d\u00e9termination pour continuer d\u2019avancer \u00e0 contre &#8211; courant de la majorit\u00e9 de ses coll\u00e8gues et de la pratique de la m\u00e9decine. Toutefois, si on examine bien ses origines et les influences pr\u00e9sentes d\u00e8s son jeune \u00e2ge, on pourrait facilement imaginer qu\u2019il \u00e9tait issu d\u2019une lign\u00e9e particuli\u00e8re et tr\u00e8s rigoureuse. Il poss\u00e9dait en lui la r\u00e9flexion profonde et la compr\u00e9hension. Son apprentissage lui a permis d\u2019\u00e9tablir des liens entre les sympt\u00f4mes et l\u2019organisme qu\u2019il comparait souvent \u00e0 une machine humaine. Il ne se g\u00eanait pas pour exprimer son d\u00e9saccord avec les drogues et il \u00e9tait souvent d\u00e9clar\u00e9 fanatique, obs\u00e9d\u00e9 et m\u00eame rebelle !<\/p>\n<p>Le docteur Still \u00e9tait connu comme un m\u00e9decin qui prenait le temps d\u2019expliquer ce qu\u2019il comprenait des sympt\u00f4mes et du processus de la gu\u00e9rison ; il \u00e9tait minutieux et attentif afin d\u2019\u00e9tablir une relation de confiance avec ses patients, bref il s\u2019adressait \u00e0 la personne et non \u00e0 la maladie\u2026 Il croyait beaucoup en l\u2019influence de la pens\u00e9e et de l\u2019esprit sur la mati\u00e8re.<\/p>\n<p>[\/et_pb_text][et_pb_text module_class=\u00a0\u00bbcalloutTextModule\u00a0\u00bb _builder_version=\u00a0\u00bb4.6.5&Prime; _module_preset=\u00a0\u00bbdefault\u00a0\u00bb]<\/p>\n<p>\u201cLorsque l\u2019esprit quitte le corps, il est mort, mais tant que l\u2019esprit habite sa maison d\u2019argile, il est plus ou moins ma\u00eetre. L\u2019esprit est roi.\u00a0\u00bb<\/p>\n<p><em>Dr Andrew Taylor Still<\/em><\/p>\n<p>[\/et_pb_text][et_pb_text _builder_version=\u00a0\u00bb4.6.5&Prime; _module_preset=\u00a0\u00bbdefault\u00a0\u00bb]<\/p>\n<p>Le docteur Still n\u2019aimait pas l\u2019influence de la m\u00e9decine m\u00e9di\u00e9vale dans les manuels de m\u00e9decine. Nous avons appris de Andrew Taylor Still que le patient avait besoin de lui exprimer ses sympt\u00f4mes, l&rsquo;expression d&rsquo;un malaise, ce qui lui donnait le r\u00f4le de\u00a0 \u201cFather Confessor of the Stricken\u201d. Ce qui veut dire qu\u2019il pouvait observer un changement chez le patient qui lui t\u00e9moignait une confiance envers le traitement.\u00a0 Il parvenait ainsi \u00e0 palper et \u00e0 manipuler les structures qui comprimaient la circulation art\u00e9rielle, veineuse, et nerveuse, et le rel\u00e2chement entra\u00eenait un soulagement de la douleur.<\/p>\n<p>\u201cEt les patients sont venus \u00e0 lui dans des wagons, sur des brancards, clopinant sur des b\u00e9quilles et des cannes, et des milliers d\u2019entre eux ont quitt\u00e9 leurs b\u00e9quilles et leurs cannes empil\u00e9es sur son terrain\u00a0\u00bb.<\/p>\n<p>En 1892, \u00a0Andrew Taylor Still fonda la premi\u00e8re \u00e9cole d\u2019ost\u00e9opathie \u00e0 Kirksville, Missouri, The American School of Osteopathy. \u00c0 ce moment-l\u00e0, il \u00e9tait encore un agriculteur et un m\u00e9decin. Il \u00e9tait un homme en avance sur son \u00e9poque.\u00a0 Il avait compris l\u2019importance de voir le patient dans sa totalit\u00e9, de constamment se ressourcer dans l\u2019anatomie et la physiologie du corps humain et de s\u2019attarder, comme un ing\u00e9nieur, \u00e0 voir les dysfonctions plut\u00f4t que de se consacrer uniquement aux sympt\u00f4mes. Il se concentra sur cette technique en y ajoutant les fondations de l\u2019ost\u00e9opathie qui incitent l\u2019\u00e9quilibre dynamique des structures et de la fonction naturelle du corps humain. La premi\u00e8re charte de l\u2019American School of Osteopathy a \u00e9t\u00e9 enregistr\u00e9e le 10 mai 1892.<\/p>\n<p>William Garner Sutherland, un \u00e9tudiant de Andrew Taylor Still, a aussi eu une grande part dans l\u2019ost\u00e9opathie cr\u00e2nienne et l\u2019unit\u00e9 fonctionnelle cranio-sacr\u00e9e.\u00a0 Plusieurs ost\u00e9opathes forment la grande famille de l\u2019ost\u00e9opathie, entre autres, Rollin Becker, Thomas Schooley, Ann Wales, Viola Frymann et Harold I. Magoun, Dr John Martin Littlejohn et plusieurs autres nous ont enrichis aussi de leur travail et de leurs exp\u00e9riences.<\/p>\n<p>[\/et_pb_text][et_pb_text module_class=\u00a0\u00bbcalloutTextModule\u00a0\u00bb _builder_version=\u00a0\u00bb4.6.5&Prime; _module_preset=\u00a0\u00bbdefault\u00a0\u00bb]<\/p>\n<p>Un ost\u00e9opathe \u00ab\u00a0ne gu\u00e9rit\u00a0\u00bb pas les gens, mais il tend \u00e0 amener la personne dans un \u00e9quilibre ou son propre organisme peut retrouver un maximum de sant\u00e9.<\/p>\n<p><em>Dr Andrew Taylor Still (Hubbard, p. 25)<\/em><\/p>\n<p>[\/et_pb_text][et_pb_text _builder_version=\u00a0\u00bb4.6.5&Prime; _module_preset=\u00a0\u00bbdefault\u00a0\u00bb]<\/p>\n<p>Ost\u00e9opathie au Canada:<br \/><a href=\"http:\/\/www.osteopathie-canada.ca\/page\/profil-general\">http:\/\/www.osteopathie-canada.ca\/page\/profil-general<br \/><\/a><a href=\"http:\/\/www.osteopathy.ca\/osteopathy.html\">http:\/\/www.osteopathy.ca\/osteopathy.html<\/a><\/p>\n<p>[\/et_pb_text][et_pb_text _builder_version=\u00a0\u00bb4.6.5&Prime; _module_preset=\u00a0\u00bbdefault\u00a0\u00bb text_font=\u00a0\u00bbOpen Sans||||||||\u00a0\u00bb text_font_size=\u00a0\u00bb14px\u00a0\u00bb]<\/p>\n<p>Information tir\u00e9e de:<br \/>\u201cA Little Journey To The Home Of Andrew Taylor Still\u201d par Elbert Hubbard, 1906<\/p>\n<p>[\/et_pb_text][\/et_pb_column_inner][\/et_pb_row_inner][\/et_pb_column][\/et_pb_section]<\/p>\n","protected":false},"excerpt":{"rendered":"<p>[et_pb_section fb_built=\u00a0\u00bb1&Prime; specialty=\u00a0\u00bbon\u00a0\u00bb module_class_1=\u00a0\u00bbsidebarMenu\u00a0\u00bb module_class_2=\u00a0\u00bbnarrowTextColumn\u00a0\u00bb _builder_version=\u00a0\u00bb4.6.5&Prime;][et_pb_column type=\u00a0\u00bb1_4&Prime; _builder_version=\u00a0\u00bb3.25&Prime; custom_padding=\u00a0\u00bb|||\u00a0\u00bb custom_padding__hover=\u00a0\u00bb|||\u00a0\u00bb] [et_pb_menu menu_id=\u00a0\u00bb5&Prime; submenu_direction=\u00a0\u00bbdownwards\u00a0\u00bb disabled_on=\u00a0\u00bbon|on|off\u00a0\u00bb admin_label=\u00a0\u00bbAbout\u00a0\u00bb _builder_version=\u00a0\u00bb4.6.5&Prime; menu_font=\u00a0\u00bbOpen Sans||||||||\u00a0\u00bb menu_text_color=\u00a0\u00bb#101010&Prime; vertical_offset_tablet=\u00a0\u00bb0&Prime; horizontal_offset_tablet=\u00a0\u00bb0&Prime; sticky_position=\u00a0\u00bbtop\u00a0\u00bb sticky_offset_top=\u00a0\u00bb18px\u00a0\u00bb sticky_limit_bottom=\u00a0\u00bbrow\u00a0\u00bb z_index_tablet=\u00a0\u00bb0&Prime; active_link_color__sticky_enabled=\u00a0\u00bboff|desktop\u00a0\u00bb][\/et_pb_menu] [\/et_pb_column][et_pb_column type=\u00a0\u00bb3_4&Prime; specialty_columns=\u00a0\u00bb3&Prime; _builder_version=\u00a0\u00bb3.25&Prime; custom_padding=\u00a0\u00bb|||\u00a0\u00bb custom_padding__hover=\u00a0\u00bb|||\u00a0\u00bb][et_pb_row_inner _builder_version=\u00a0\u00bb3.25&Prime;][et_pb_column_inner saved_specialty_column_type=\u00a0\u00bb3_4&Prime; _builder_version=\u00a0\u00bb3.25&Prime; custom_padding=\u00a0\u00bb|||\u00a0\u00bb custom_padding__hover=\u00a0\u00bb|||\u00a0\u00bb][et_pb_post_title meta=\u00a0\u00bboff\u00a0\u00bb featured_image=\u00a0\u00bboff\u00a0\u00bb _builder_version=\u00a0\u00bb4.6.5&Prime; _module_preset=\u00a0\u00bbdefault\u00a0\u00bb][\/et_pb_post_title][et_pb_text _builder_version=\u00a0\u00bb4.6.5&Prime; vertical_offset_tablet=\u00a0\u00bb0&Prime; horizontal_offset_tablet=\u00a0\u00bb0&Prime; z_index_tablet=\u00a0\u00bb0&Prime; text_text_shadow_horizontal_length_tablet=\u00a0\u00bb0px\u00a0\u00bb text_text_shadow_vertical_length_tablet=\u00a0\u00bb0px\u00a0\u00bb text_text_shadow_blur_strength_tablet=\u00a0\u00bb1px\u00a0\u00bb link_text_shadow_horizontal_length_tablet=\u00a0\u00bb0px\u00a0\u00bb link_text_shadow_vertical_length_tablet=\u00a0\u00bb0px\u00a0\u00bb link_text_shadow_blur_strength_tablet=\u00a0\u00bb1px\u00a0\u00bb ul_text_shadow_horizontal_length_tablet=\u00a0\u00bb0px\u00a0\u00bb ul_text_shadow_vertical_length_tablet=\u00a0\u00bb0px\u00a0\u00bb ul_text_shadow_blur_strength_tablet=\u00a0\u00bb1px\u00a0\u00bb ol_text_shadow_horizontal_length_tablet=\u00a0\u00bb0px\u00a0\u00bb [&hellip;]<\/p>\n","protected":false},"author":1,"featured_media":0,"parent":0,"menu_order":0,"comment_status":"closed","ping_status":"closed","template":"","meta":{"_et_pb_use_builder":"on","_et_pb_old_content":"","_et_gb_content_width":"","footnotes":""},"class_list":["post-399","page","type-page","status-publish","hentry"],"_links":{"self":[{"href":"https:\/\/lavergneosteopathy.com\/fr\/wp-json\/wp\/v2\/pages\/399","targetHints":{"allow":["GET"]}}],"collection":[{"href":"https:\/\/lavergneosteopathy.com\/fr\/wp-json\/wp\/v2\/pages"}],"about":[{"href":"https:\/\/lavergneosteopathy.com\/fr\/wp-json\/wp\/v2\/types\/page"}],"author":[{"embeddable":true,"href":"https:\/\/lavergneosteopathy.com\/fr\/wp-json\/wp\/v2\/users\/1"}],"replies":[{"embeddable":true,"href":"https:\/\/lavergneosteopathy.com\/fr\/wp-json\/wp\/v2\/comments?post=399"}],"version-history":[{"count":32,"href":"https:\/\/lavergneosteopathy.com\/fr\/wp-json\/wp\/v2\/pages\/399\/revisions"}],"predecessor-version":[{"id":723,"href":"https:\/\/lavergneosteopathy.com\/fr\/wp-json\/wp\/v2\/pages\/399\/revisions\/723"}],"wp:attachment":[{"href":"https:\/\/lavergneosteopathy.com\/fr\/wp-json\/wp\/v2\/media?parent=399"}],"curies":[{"name":"wp","href":"https:\/\/api.w.org\/{rel}","templated":true}]}}