{"id":390,"date":"2021-03-24T23:55:40","date_gmt":"2021-03-24T23:55:40","guid":{"rendered":"http:\/\/dev.lavergneosteopathy.com\/a-propos-de-johanne\/"},"modified":"2022-08-31T19:57:00","modified_gmt":"2022-08-31T22:57:00","slug":"rencontrez-johanne","status":"publish","type":"page","link":"https:\/\/lavergneosteopathy.com\/fr\/rencontrez-johanne\/","title":{"rendered":"Rencontrez Johanne"},"content":{"rendered":"<p>[et_pb_section fb_built=\u00a0\u00bb1&Prime; specialty=\u00a0\u00bbon\u00a0\u00bb _builder_version=\u00a0\u00bb4.9.3&Prime; _module_preset=\u00a0\u00bbdefault\u00a0\u00bb][et_pb_column type=\u00a0\u00bb1_2&Prime; specialty_columns=\u00a0\u00bb2&Prime; _builder_version=\u00a0\u00bb3.25&Prime; custom_padding=\u00a0\u00bb|||\u00a0\u00bb custom_padding__hover=\u00a0\u00bb|||\u00a0\u00bb][et_pb_row_inner _builder_version=\u00a0\u00bb4.9.3&Prime; _module_preset=\u00a0\u00bbdefault\u00a0\u00bb][et_pb_column_inner saved_specialty_column_type=\u00a0\u00bb1_2&Prime; _builder_version=\u00a0\u00bb4.9.3&Prime; _module_preset=\u00a0\u00bbdefault\u00a0\u00bb][et_pb_button button_url=\u00a0\u00bb@ET-DC@eyJkeW5hbWljIjp0cnVlLCJjb250ZW50IjoicG9zdF9saW5rX3VybF9wYWdlIiwic2V0dGluZ3MiOnsicG9zdF9pZCI6Ijc3MyJ9fQ==@\u00a0\u00bb button_text=\u00a0\u00bbL&rsquo;\u00e9quipe\u00a0\u00bb module_class=\u00a0\u00bbsmallButton fadedButton secondaryButton\u00a0\u00bb _builder_version=\u00a0\u00bb4.9.3&Prime; _dynamic_attributes=\u00a0\u00bbbutton_url\u00a0\u00bb _module_preset=\u00a0\u00bbdefault\u00a0\u00bb custom_margin=\u00a0\u00bb||24px||false|false\u00a0\u00bb][\/et_pb_button][et_pb_text admin_label=\u00a0\u00bbTitle\u00a0\u00bb _builder_version=\u00a0\u00bb4.9.3&Prime; _module_preset=\u00a0\u00bbdefault\u00a0\u00bb text_font=\u00a0\u00bbOpen Sans||||||||\u00a0\u00bb custom_margin=\u00a0\u00bb||24px||false|false\u00a0\u00bb hover_enabled=\u00a0\u00bb0&Prime; sticky_enabled=\u00a0\u00bb0&Prime;]<\/p>\n<h1 style=\"padding-bottom: 0px; margin-bottom: 0px;\">Johanne Lavergne <span style=\"font-size: 14px; font-weight: bold;\">D.O., M.T.<\/span><\/h1>\n<p style=\"font-size: 14px;\">Propri\u00e9taire &amp; Ost\u00e9opathe<\/p>\n<p>[\/et_pb_text][et_pb_text admin_label=\u00a0\u00bbBio\u00a0\u00bb _builder_version=\u00a0\u00bb4.9.3&Prime; _module_preset=\u00a0\u00bbdefault\u00a0\u00bb]<\/p>\n<p>Native du village de Sainte-Flore, annex\u00e9 \u00e0 Shawinigan, au Qu\u00e9bec, Johanne est dipl\u00f4m\u00e9e du Foothills College of Massage Therapy depuis 1999. Elle a obtenu des attestations d\u2019\u00e9tudes dans plusieurs disciplines, comme l\u2019aromath\u00e9rapie et la r\u00e9flexologie, et a \u00e9tudi\u00e9 la th\u00e9rapie myofasciale aupr\u00e8s de John F. Barns, une technique de rel\u00e2chement des fascias, de m\u00eame que la Upledger CranioSacral Therapy \u00e0 l\u2019Institut Upledger.<\/p>\n<p>Durant la p\u00e9riode o\u00f9 elle profitait d\u2019une vari\u00e9t\u00e9 de possibilit\u00e9s d\u2019apprentissage, Johanne a pris conscience que tout l\u2019avait pr\u00e9par\u00e9e \u00e0 \u00e9tudier au Coll\u00e8ge d\u2019\u00c9tudes Ost\u00e9opathiques \u00e0\u00a0Montr\u00e9al (CEO) \u00e0 Halifax, en Nouvelle \u00c9cosse.<\/p>\n<p>Johanne a termin\u00e9 avec succ\u00e8s les cinq ann\u00e9es du programme de pratique manuelle de l\u2019ost\u00e9opathie et obtenu un dipl\u00f4me en science de l\u2019ost\u00e9opathie \u00e0 la suite de la pr\u00e9sentation de sa th\u00e8se intitul\u00e9e\u00a0Les effets de l\u2019anxi\u00e9t\u00e9 sur le m\u00e9canisme respiratoire primaire et le mouvement endocr\u00e2nien. Le jury international r\u00e9uni pour la pr\u00e9sentation orale menant au dipl\u00f4me en pratique manuelle de l\u2019ost\u00e9opathie lui a d\u00e9cern\u00e9 le Prix de th\u00e8se William Garner Sutherland D.O. accord\u00e9 au projet le plus significatif pour l\u2019avancement de l\u2019ost\u00e9opathie dans le domaine de la recherche.<\/p>\n<p>Pour Johanne, l\u2019ost\u00e9opathie est une passion et fait partie int\u00e9grante de son quotidien. Elle n\u2019h\u00e9site pas \u00e0 consolider ses comp\u00e9tences en poursuivant des formations professionnelles annuellement.<br \/>\nJohanne est membre active de l\u2019Association des ost\u00e9opathes du Nouveau-Brunswick (AONB) et membre associ\u00e9e de la Ontario Association of Osteopathic Manual Practitoners\u00a0(OAO).<\/p>\n<p>[\/et_pb_text][\/et_pb_column_inner][\/et_pb_row_inner][\/et_pb_column][et_pb_column type=\u00a0\u00bb1_2&Prime; _builder_version=\u00a0\u00bb3.25&Prime; custom_padding=\u00a0\u00bb|||\u00a0\u00bb custom_padding__hover=\u00a0\u00bb|||\u00a0\u00bb][et_pb_image src=\u00a0\u00bbhttps:\/\/lavergneosteopathy.com\/wp-content\/uploads\/2022\/08\/Johanne_Lavergne_786x1100.jpg\u00a0\u00bb alt=\u00a0\u00bbPhoto de l&rsquo;ost\u00e9opathe Johanne Lavergne\u00a0\u00bb title_text=\u00a0\u00bbJohanne Lavergne\u00a0\u00bb _builder_version=\u00a0\u00bb4.9.3&Prime; _module_preset=\u00a0\u00bbdefault\u00a0\u00bb max_width=\u00a0\u00bb346px\u00a0\u00bb module_alignment=\u00a0\u00bbcenter\u00a0\u00bb custom_margin=\u00a0\u00bb||42px||false|false\u00a0\u00bb custom_padding=\u00a0\u00bb||30px||false|false\u00a0\u00bb sticky_limit_bottom=\u00a0\u00bbsection\u00a0\u00bb border_radii=\u00a0\u00bbon|6px|6px|6px|6px\u00a0\u00bb][\/et_pb_image][\/et_pb_column][\/et_pb_section]<\/p>\n","protected":false},"excerpt":{"rendered":"<p>[et_pb_section fb_built=\u00a0\u00bb1&Prime; specialty=\u00a0\u00bbon\u00a0\u00bb _builder_version=\u00a0\u00bb4.9.3&Prime; _module_preset=\u00a0\u00bbdefault\u00a0\u00bb][et_pb_column type=\u00a0\u00bb1_2&Prime; specialty_columns=\u00a0\u00bb2&Prime; _builder_version=\u00a0\u00bb3.25&Prime; custom_padding=\u00a0\u00bb|||\u00a0\u00bb custom_padding__hover=\u00a0\u00bb|||\u00a0\u00bb][et_pb_row_inner _builder_version=\u00a0\u00bb4.9.3&Prime; _module_preset=\u00a0\u00bbdefault\u00a0\u00bb][et_pb_column_inner saved_specialty_column_type=\u00a0\u00bb1_2&Prime; _builder_version=\u00a0\u00bb4.9.3&Prime; _module_preset=\u00a0\u00bbdefault\u00a0\u00bb][et_pb_button button_url=\u00a0\u00bb@ET-DC@eyJkeW5hbWljIjp0cnVlLCJjb250ZW50IjoicG9zdF9saW5rX3VybF9wYWdlIiwic2V0dGluZ3MiOnsicG9zdF9pZCI6Ijc3MyJ9fQ==@\u00a0\u00bb button_text=\u00a0\u00bbL&rsquo;\u00e9quipe\u00a0\u00bb module_class=\u00a0\u00bbsmallButton fadedButton secondaryButton\u00a0\u00bb _builder_version=\u00a0\u00bb4.9.3&Prime; _dynamic_attributes=\u00a0\u00bbbutton_url\u00a0\u00bb _module_preset=\u00a0\u00bbdefault\u00a0\u00bb custom_margin=\u00a0\u00bb||24px||false|false\u00a0\u00bb][\/et_pb_button][et_pb_text admin_label=\u00a0\u00bbTitle\u00a0\u00bb _builder_version=\u00a0\u00bb4.9.3&Prime; _module_preset=\u00a0\u00bbdefault\u00a0\u00bb text_font=\u00a0\u00bbOpen Sans||||||||\u00a0\u00bb custom_margin=\u00a0\u00bb||24px||false|false\u00a0\u00bb hover_enabled=\u00a0\u00bb0&Prime; sticky_enabled=\u00a0\u00bb0&Prime;] Johanne Lavergne D.O., M.T. Propri\u00e9taire &amp; Ost\u00e9opathe [\/et_pb_text][et_pb_text admin_label=\u00a0\u00bbBio\u00a0\u00bb _builder_version=\u00a0\u00bb4.9.3&Prime; _module_preset=\u00a0\u00bbdefault\u00a0\u00bb] Native du village de Sainte-Flore, annex\u00e9 \u00e0 Shawinigan, au Qu\u00e9bec, Johanne est [&hellip;]<\/p>\n","protected":false},"author":1,"featured_media":0,"parent":0,"menu_order":0,"comment_status":"closed","ping_status":"closed","template":"","meta":{"_et_pb_use_builder":"on","_et_pb_old_content":"","_et_gb_content_width":"","footnotes":""},"class_list":["post-390","page","type-page","status-publish","hentry"],"_links":{"self":[{"href":"https:\/\/lavergneosteopathy.com\/fr\/wp-json\/wp\/v2\/pages\/390","targetHints":{"allow":["GET"]}}],"collection":[{"href":"https:\/\/lavergneosteopathy.com\/fr\/wp-json\/wp\/v2\/pages"}],"about":[{"href":"https:\/\/lavergneosteopathy.com\/fr\/wp-json\/wp\/v2\/types\/page"}],"author":[{"embeddable":true,"href":"https:\/\/lavergneosteopathy.com\/fr\/wp-json\/wp\/v2\/users\/1"}],"replies":[{"embeddable":true,"href":"https:\/\/lavergneosteopathy.com\/fr\/wp-json\/wp\/v2\/comments?post=390"}],"version-history":[{"count":42,"href":"https:\/\/lavergneosteopathy.com\/fr\/wp-json\/wp\/v2\/pages\/390\/revisions"}],"predecessor-version":[{"id":898,"href":"https:\/\/lavergneosteopathy.com\/fr\/wp-json\/wp\/v2\/pages\/390\/revisions\/898"}],"wp:attachment":[{"href":"https:\/\/lavergneosteopathy.com\/fr\/wp-json\/wp\/v2\/media?parent=390"}],"curies":[{"name":"wp","href":"https:\/\/api.w.org\/{rel}","templated":true}]}}