{"id":329,"date":"2021-03-21T23:17:03","date_gmt":"2021-03-21T23:17:03","guid":{"rendered":"http:\/\/dev.lavergneosteopathy.com\/a-quoi-sattendre\/"},"modified":"2023-11-20T10:05:12","modified_gmt":"2023-11-20T14:05:12","slug":"a-quoi-sattendre","status":"publish","type":"page","link":"https:\/\/lavergneosteopathy.com\/fr\/a-quoi-sattendre\/","title":{"rendered":"\u00c0 quoi s\u2019attendre?"},"content":{"rendered":"<p>[et_pb_section fb_built=\u00a0\u00bb1&Prime; specialty=\u00a0\u00bbon\u00a0\u00bb module_class_1=\u00a0\u00bbsidebarMenu\u00a0\u00bb module_class_2=\u00a0\u00bbnarrowTextColumn\u00a0\u00bb _builder_version=\u00a0\u00bb4.6.5&Prime;][et_pb_column type=\u00a0\u00bb1_4&Prime; _builder_version=\u00a0\u00bb3.25&Prime; custom_padding=\u00a0\u00bb|||\u00a0\u00bb custom_padding__hover=\u00a0\u00bb|||\u00a0\u00bb][et_pb_menu menu_id=\u00a0\u00bb4&Prime; submenu_direction=\u00a0\u00bbdownwards\u00a0\u00bb disabled_on=\u00a0\u00bbon|on|off\u00a0\u00bb admin_label=\u00a0\u00bbAbout\u00a0\u00bb _builder_version=\u00a0\u00bb4.6.5&Prime; menu_font=\u00a0\u00bbOpen Sans||||||||\u00a0\u00bb menu_text_color=\u00a0\u00bb#101010&Prime; vertical_offset_tablet=\u00a0\u00bb0&Prime; horizontal_offset_tablet=\u00a0\u00bb0&Prime; sticky_position=\u00a0\u00bbtop\u00a0\u00bb sticky_offset_top=\u00a0\u00bb18px\u00a0\u00bb sticky_limit_bottom=\u00a0\u00bbrow\u00a0\u00bb motion_trigger_start=\u00a0\u00bbtop\u00a0\u00bb z_index_tablet=\u00a0\u00bb0&Prime; menu_text_shadow_horizontal_length_tablet=\u00a0\u00bb0px\u00a0\u00bb menu_text_shadow_vertical_length_tablet=\u00a0\u00bb0px\u00a0\u00bb menu_text_shadow_blur_strength_tablet=\u00a0\u00bb1px\u00a0\u00bb box_shadow_horizontal_tablet=\u00a0\u00bb0px\u00a0\u00bb box_shadow_vertical_tablet=\u00a0\u00bb0px\u00a0\u00bb box_shadow_blur_tablet=\u00a0\u00bb40px\u00a0\u00bb box_shadow_spread_tablet=\u00a0\u00bb0px\u00a0\u00bb box_shadow_horizontal_image_tablet=\u00a0\u00bb0px\u00a0\u00bb box_shadow_vertical_image_tablet=\u00a0\u00bb0px\u00a0\u00bb box_shadow_blur_image_tablet=\u00a0\u00bb40px\u00a0\u00bb box_shadow_spread_image_tablet=\u00a0\u00bb0px\u00a0\u00bb active_link_color__sticky_enabled=\u00a0\u00bboff|desktop\u00a0\u00bb][\/et_pb_menu][\/et_pb_column][et_pb_column type=\u00a0\u00bb3_4&Prime; specialty_columns=\u00a0\u00bb3&Prime; _builder_version=\u00a0\u00bb3.25&Prime; custom_padding=\u00a0\u00bb|||\u00a0\u00bb custom_padding__hover=\u00a0\u00bb|||\u00a0\u00bb][et_pb_row_inner _builder_version=\u00a0\u00bb3.25&Prime;][et_pb_column_inner saved_specialty_column_type=\u00a0\u00bb3_4&Prime; _builder_version=\u00a0\u00bb3.25&Prime; custom_padding=\u00a0\u00bb|||\u00a0\u00bb custom_padding__hover=\u00a0\u00bb|||\u00a0\u00bb][et_pb_post_title meta=\u00a0\u00bboff\u00a0\u00bb featured_image=\u00a0\u00bboff\u00a0\u00bb _builder_version=\u00a0\u00bb4.6.5&Prime; _module_preset=\u00a0\u00bbdefault\u00a0\u00bb][\/et_pb_post_title][et_pb_text _builder_version=\u00a0\u00bb4.6.5&Prime; vertical_offset_tablet=\u00a0\u00bb0&Prime; horizontal_offset_tablet=\u00a0\u00bb0&Prime; z_index_tablet=\u00a0\u00bb0&Prime; text_text_shadow_horizontal_length_tablet=\u00a0\u00bb0px\u00a0\u00bb text_text_shadow_vertical_length_tablet=\u00a0\u00bb0px\u00a0\u00bb text_text_shadow_blur_strength_tablet=\u00a0\u00bb1px\u00a0\u00bb link_text_shadow_horizontal_length_tablet=\u00a0\u00bb0px\u00a0\u00bb link_text_shadow_vertical_length_tablet=\u00a0\u00bb0px\u00a0\u00bb link_text_shadow_blur_strength_tablet=\u00a0\u00bb1px\u00a0\u00bb ul_text_shadow_horizontal_length_tablet=\u00a0\u00bb0px\u00a0\u00bb ul_text_shadow_vertical_length_tablet=\u00a0\u00bb0px\u00a0\u00bb ul_text_shadow_blur_strength_tablet=\u00a0\u00bb1px\u00a0\u00bb ol_text_shadow_horizontal_length_tablet=\u00a0\u00bb0px\u00a0\u00bb ol_text_shadow_vertical_length_tablet=\u00a0\u00bb0px\u00a0\u00bb ol_text_shadow_blur_strength_tablet=\u00a0\u00bb1px\u00a0\u00bb quote_text_shadow_horizontal_length_tablet=\u00a0\u00bb0px\u00a0\u00bb quote_text_shadow_vertical_length_tablet=\u00a0\u00bb0px\u00a0\u00bb quote_text_shadow_blur_strength_tablet=\u00a0\u00bb1px\u00a0\u00bb header_text_shadow_horizontal_length_tablet=\u00a0\u00bb0px\u00a0\u00bb header_text_shadow_vertical_length_tablet=\u00a0\u00bb0px\u00a0\u00bb header_text_shadow_blur_strength_tablet=\u00a0\u00bb1px\u00a0\u00bb header_2_text_shadow_horizontal_length_tablet=\u00a0\u00bb0px\u00a0\u00bb header_2_text_shadow_vertical_length_tablet=\u00a0\u00bb0px\u00a0\u00bb header_2_text_shadow_blur_strength_tablet=\u00a0\u00bb1px\u00a0\u00bb header_3_text_shadow_horizontal_length_tablet=\u00a0\u00bb0px\u00a0\u00bb header_3_text_shadow_vertical_length_tablet=\u00a0\u00bb0px\u00a0\u00bb header_3_text_shadow_blur_strength_tablet=\u00a0\u00bb1px\u00a0\u00bb header_4_text_shadow_horizontal_length_tablet=\u00a0\u00bb0px\u00a0\u00bb header_4_text_shadow_vertical_length_tablet=\u00a0\u00bb0px\u00a0\u00bb header_4_text_shadow_blur_strength_tablet=\u00a0\u00bb1px\u00a0\u00bb header_5_text_shadow_horizontal_length_tablet=\u00a0\u00bb0px\u00a0\u00bb header_5_text_shadow_vertical_length_tablet=\u00a0\u00bb0px\u00a0\u00bb header_5_text_shadow_blur_strength_tablet=\u00a0\u00bb1px\u00a0\u00bb header_6_text_shadow_horizontal_length_tablet=\u00a0\u00bb0px\u00a0\u00bb header_6_text_shadow_vertical_length_tablet=\u00a0\u00bb0px\u00a0\u00bb header_6_text_shadow_blur_strength_tablet=\u00a0\u00bb1px\u00a0\u00bb box_shadow_horizontal_tablet=\u00a0\u00bb0px\u00a0\u00bb box_shadow_vertical_tablet=\u00a0\u00bb0px\u00a0\u00bb box_shadow_blur_tablet=\u00a0\u00bb40px\u00a0\u00bb box_shadow_spread_tablet=\u00a0\u00bb0px\u00a0\u00bb]<\/p>\n<h2>Initial Session<\/h2>\n<p>When you first come to our clinic you will be asked to complete a health questionnaire that will assist us in reviewing your need for seeking osteopathy. Following an interview, we will assess active and passive ranges of motion and alignment and perform postural tests. Moving onto the treatment, we will test positions, mobility, and motility.<\/p>\n<p>The number of required sessions will depend on each individual case, such as <strong>acute<\/strong> or <strong>chronic<\/strong>. Most of the time, three or four sessions are required to see progress. Nevertheless, we often see progress following the first session.<\/p>\n<p>At the follow up session, we will discuss how the integration went, reassess, and continue with the aim of the treatment. Some remedial exercises will be suggested, and, in some cases, you may be referred to other Health Practitioners who are specialized in remedial exercises.<\/p>\n<p>[\/et_pb_text][\/et_pb_column_inner][\/et_pb_row_inner][et_pb_row_inner _builder_version=\u00a0\u00bb4.6.5&Prime; _module_preset=\u00a0\u00bbdefault\u00a0\u00bb][et_pb_column_inner saved_specialty_column_type=\u00a0\u00bb3_4&Prime; _builder_version=\u00a0\u00bb4.6.5&Prime; _module_preset=\u00a0\u00bbdefault\u00a0\u00bb][et_pb_text _builder_version=\u00a0\u00bb4.6.5&Prime; _module_preset=\u00a0\u00bbdefault\u00a0\u00bb]<\/p>\n<h2>For Your Treatment<\/h2>\n<h2><span style=\"font-family: Lora, Georgia, Times New Roman, serif; font-size: large;\"><span style=\"font-weight: 400;\">I recommend for women to wear a sports bra and light fabric leggings<\/span><span style=\"font-weight: 400;\">\u00a0or shorts.<\/span><\/span><\/h2>\n<p>Men should bring a type of soccer short or swimwear (loose clothing, no pockets and no zippers)<\/p>\n<p><span style=\"font-size: 18px;\">If you are not a water drinker, it is highly recommended that you begin drinking more water \u00a0right after the treatment.<\/span><\/p>\n<p>[\/et_pb_text][et_pb_button button_url=\u00a0\u00bbhttps:\/\/www.groupeproxim.ca\/fr\/article\/bienfaits-eau-pour-votre-sante\u00a0\u00bb url_new_window=\u00a0\u00bbon\u00a0\u00bb button_text=\u00a0\u00bbPourquoi devrais-je boire de l&rsquo;eau?\u00a0\u00bb module_class=\u00a0\u00bbtertiaryButton\u00a0\u00bb _builder_version=\u00a0\u00bb4.6.5&Prime; _module_preset=\u00a0\u00bbdefault\u00a0\u00bb][\/et_pb_button][\/et_pb_column_inner][\/et_pb_row_inner][et_pb_row_inner _builder_version=\u00a0\u00bb4.6.5&Prime; _module_preset=\u00a0\u00bbdefault\u00a0\u00bb][et_pb_column_inner saved_specialty_column_type=\u00a0\u00bb3_4&Prime; _builder_version=\u00a0\u00bb4.6.5&Prime; _module_preset=\u00a0\u00bbdefault\u00a0\u00bb][et_pb_text _builder_version=\u00a0\u00bb4.6.5&Prime; _module_preset=\u00a0\u00bbdefault\u00a0\u00bb]<\/p>\n<h2>Qu&rsquo;est-ce que le traitement ost\u00e9opathique?<\/h2>\n<h5><span class=\"tag\">Cr\u00e2nienne<\/span> \u00b7 <span class=\"tag\">Structurelle<\/span> \u00b7 <span class=\"tag\">Visc\u00e9rale<\/span><\/h5>\n<p>\u00c0 votre premier rendez-vous et \u00e0 chaque s\u00e9ance subs\u00e9quente, vous recevez, apr\u00e8s l\u2019\u00e9valuation clinique effectu\u00e9e par votre ost\u00e9opathe, l\u2019un ou l\u2019autre des traitements ost\u00e9opathiques ci-dessous.<\/p>\n<p>[\/et_pb_text][et_pb_text module_class=\u00a0\u00bbcalloutTextModule\u00a0\u00bb _builder_version=\u00a0\u00bb4.6.5&Prime; _module_preset=\u00a0\u00bbdefault\u00a0\u00bb]<\/p>\n<h5>\u00c9valuations des syst\u00e8mes nerveux et musculosquelettiques<\/h5>\n<p>Trouble ou douleur musculosquelettique cons\u00e9cutifs \u00e0 des blessures. La douleur se manifeste dans les articulations, les ligaments, les muscles. La douleur peut \u00eatre attribuable \u00e0 un mouvement r\u00e9p\u00e9titif, \u00e0 une tension r\u00e9p\u00e9t\u00e9e, \u00e0 une mauvaise posture ou \u00e0 un effort.<\/p>\n<h5>Traitement manuel<\/h5>\n<p>Un \u00e9ventail de techniques manuelles peuvent aider tous les tissus du corps.<\/p>\n<h5>\u00c9valuation des fonctions du corps<\/h5>\n<p>Conseils relatifs au mouvement, \u00e0 la posture et \u00e0 la position, et \u00e9valuations ergonomiques.<\/p>\n<h5>Ost\u00e9opathie cr\u00e2nienne<\/h5>\n<p>Une grande partie de l\u2019aspect global de mon \u00e9valuation et de mon traitement. L\u2019ost\u00e9opathie cr\u00e2nienne est un type de traitement ost\u00e9opathique raffin\u00e9 qui a un effet sur tout le corps. L\u2019ost\u00e9opathie cr\u00e2nienne convient \u00e0 tous les \u00e2ges et \u00e0 toutes les conditions. L\u2019ost\u00e9opathe cr\u00e2nien per\u00e7oit la tr\u00e8s l\u00e9g\u00e8re fluctuation de mouvement dans le corps\u00a0: le mouvement involontaire. L\u2019ost\u00e9opathie cr\u00e2nienne se sert du sens du toucher sp\u00e9cialement form\u00e9 du th\u00e9rapeute pour d\u00e9tecter les modifications subtiles de la tension et de la qualit\u00e9 des tissus de tout le corps.<\/p>\n<p>[\/et_pb_text][et_pb_text _builder_version=\u00a0\u00bb4.6.5&Prime; _module_preset=\u00a0\u00bbdefault\u00a0\u00bb]<\/p>\n<p>\u00c0 noter\u00a0: nous ne posons pas de diagnostic, car nous ne sommes pas m\u00e9decins. L\u2019ost\u00e9opathie est une pratique manuelle qui utilise la capacit\u00e9 naturelle du corps \u00e0 s\u2019autor\u00e9guler. L\u2019anatomie et la physiologie sont interreli\u00e9es. Et tout comme chaque personne est unique, chaque traitement l\u2019est \u00e9galement.<\/p>\n<p>Veuillez porter des v\u00eatements confortables et amples. Vous pouvez apporter des v\u00eatements pour vous changer.<\/p>\n<p>[\/et_pb_text][\/et_pb_column_inner][\/et_pb_row_inner][et_pb_row_inner _builder_version=\u00a0\u00bb4.6.5&Prime; _module_preset=\u00a0\u00bbdefault\u00a0\u00bb][et_pb_column_inner saved_specialty_column_type=\u00a0\u00bb3_4&Prime; _builder_version=\u00a0\u00bb4.6.5&Prime; _module_preset=\u00a0\u00bbdefault\u00a0\u00bb][et_pb_text _builder_version=\u00a0\u00bb4.6.5&Prime; _module_preset=\u00a0\u00bbdefault\u00a0\u00bb]<\/p>\n<h2>Tarif<\/h2>\n<p>[\/et_pb_text][et_pb_text _builder_version=\u00a0\u00bb4.6.5&Prime; _module_preset=\u00a0\u00bbdefault\u00a0\u00bb]<\/p>\n<table border=\"0\">\n<tbody>\n<tr>\n<td>\n<h5>Dur\u00e9e d\u2019une s\u00e9ance<\/h5>\n<p>60 minutes.<\/td>\n<td>\n<h5>Tarif<\/h5>\n<p>120 $<small>+TVH<\/small><\/td>\n<\/tr>\n<tr>\n<td colspan=\"2\">\n<h5>Membre<\/h5>\n<p>Membre de l\u2019Association des ost\u00e9opathes du Nouveau-Brunswick (AONB) et de l&rsquo;Ontario Association of Osteopathic Manual Practitioners (OAO).<\/td>\n<\/tr>\n<\/tbody>\n<\/table>\n<p>[\/et_pb_text][et_pb_text module_class=\u00a0\u00bbcalloutTextModule\u00a0\u00bb _builder_version=\u00a0\u00bb4.6.5&Prime; _module_preset=\u00a0\u00bbdefault\u00a0\u00bb]<\/p>\n<h5>Politique de paiement<\/h5>\n<p>Facturation directe possible aupr\u00e8s de la Croix Bleue. Sinon, le paiement doit \u00eatre effectu\u00e9 au complet apr\u00e8s chaque s\u00e9ance. Vous recevrez un re\u00e7u que vous pourrez soumettre \u00e0 votre compagnie d\u2019assurance en vue d\u2019obtenir votre remboursement personnel.<\/p>\n<h5>Annulation<\/h5>\n<p>Pour annuler ou reporter votre rendezvous, utilisez le service en ligne. Veuillez donner un pr\u00e9avis de 24\u00a0heures pour toute annulation. En cas de sympt\u00f4mes de grippe ou de rhume, veuillez annuler votre rendezvous.<\/p>\n<p>[\/et_pb_text][\/et_pb_column_inner][\/et_pb_row_inner][\/et_pb_column][\/et_pb_section]<\/p>\n","protected":false},"excerpt":{"rendered":"<p>[et_pb_section fb_built=\u00a0\u00bb1&Prime; specialty=\u00a0\u00bbon\u00a0\u00bb module_class_1=\u00a0\u00bbsidebarMenu\u00a0\u00bb module_class_2=\u00a0\u00bbnarrowTextColumn\u00a0\u00bb _builder_version=\u00a0\u00bb4.6.5&Prime;][et_pb_column type=\u00a0\u00bb1_4&Prime; _builder_version=\u00a0\u00bb3.25&Prime; custom_padding=\u00a0\u00bb|||\u00a0\u00bb custom_padding__hover=\u00a0\u00bb|||\u00a0\u00bb][et_pb_menu menu_id=\u00a0\u00bb4&Prime; submenu_direction=\u00a0\u00bbdownwards\u00a0\u00bb disabled_on=\u00a0\u00bbon|on|off\u00a0\u00bb admin_label=\u00a0\u00bbAbout\u00a0\u00bb _builder_version=\u00a0\u00bb4.6.5&Prime; menu_font=\u00a0\u00bbOpen Sans||||||||\u00a0\u00bb menu_text_color=\u00a0\u00bb#101010&Prime; vertical_offset_tablet=\u00a0\u00bb0&Prime; horizontal_offset_tablet=\u00a0\u00bb0&Prime; sticky_position=\u00a0\u00bbtop\u00a0\u00bb sticky_offset_top=\u00a0\u00bb18px\u00a0\u00bb sticky_limit_bottom=\u00a0\u00bbrow\u00a0\u00bb motion_trigger_start=\u00a0\u00bbtop\u00a0\u00bb z_index_tablet=\u00a0\u00bb0&Prime; menu_text_shadow_horizontal_length_tablet=\u00a0\u00bb0px\u00a0\u00bb menu_text_shadow_vertical_length_tablet=\u00a0\u00bb0px\u00a0\u00bb menu_text_shadow_blur_strength_tablet=\u00a0\u00bb1px\u00a0\u00bb box_shadow_horizontal_tablet=\u00a0\u00bb0px\u00a0\u00bb box_shadow_vertical_tablet=\u00a0\u00bb0px\u00a0\u00bb box_shadow_blur_tablet=\u00a0\u00bb40px\u00a0\u00bb box_shadow_spread_tablet=\u00a0\u00bb0px\u00a0\u00bb box_shadow_horizontal_image_tablet=\u00a0\u00bb0px\u00a0\u00bb box_shadow_vertical_image_tablet=\u00a0\u00bb0px\u00a0\u00bb box_shadow_blur_image_tablet=\u00a0\u00bb40px\u00a0\u00bb box_shadow_spread_image_tablet=\u00a0\u00bb0px\u00a0\u00bb active_link_color__sticky_enabled=\u00a0\u00bboff|desktop\u00a0\u00bb][\/et_pb_menu][\/et_pb_column][et_pb_column type=\u00a0\u00bb3_4&Prime; specialty_columns=\u00a0\u00bb3&Prime; _builder_version=\u00a0\u00bb3.25&Prime; custom_padding=\u00a0\u00bb|||\u00a0\u00bb custom_padding__hover=\u00a0\u00bb|||\u00a0\u00bb][et_pb_row_inner _builder_version=\u00a0\u00bb3.25&Prime;][et_pb_column_inner saved_specialty_column_type=\u00a0\u00bb3_4&Prime; _builder_version=\u00a0\u00bb3.25&Prime; custom_padding=\u00a0\u00bb|||\u00a0\u00bb custom_padding__hover=\u00a0\u00bb|||\u00a0\u00bb][et_pb_post_title meta=\u00a0\u00bboff\u00a0\u00bb featured_image=\u00a0\u00bboff\u00a0\u00bb _builder_version=\u00a0\u00bb4.6.5&Prime; _module_preset=\u00a0\u00bbdefault\u00a0\u00bb][\/et_pb_post_title][et_pb_text _builder_version=\u00a0\u00bb4.6.5&Prime; vertical_offset_tablet=\u00a0\u00bb0&Prime; horizontal_offset_tablet=\u00a0\u00bb0&Prime; z_index_tablet=\u00a0\u00bb0&Prime; [&hellip;]<\/p>\n","protected":false},"author":1,"featured_media":0,"parent":0,"menu_order":0,"comment_status":"closed","ping_status":"closed","template":"","meta":{"_et_pb_use_builder":"on","_et_pb_old_content":"","_et_gb_content_width":"","footnotes":""},"class_list":["post-329","page","type-page","status-publish","hentry"],"_links":{"self":[{"href":"https:\/\/lavergneosteopathy.com\/fr\/wp-json\/wp\/v2\/pages\/329","targetHints":{"allow":["GET"]}}],"collection":[{"href":"https:\/\/lavergneosteopathy.com\/fr\/wp-json\/wp\/v2\/pages"}],"about":[{"href":"https:\/\/lavergneosteopathy.com\/fr\/wp-json\/wp\/v2\/types\/page"}],"author":[{"embeddable":true,"href":"https:\/\/lavergneosteopathy.com\/fr\/wp-json\/wp\/v2\/users\/1"}],"replies":[{"embeddable":true,"href":"https:\/\/lavergneosteopathy.com\/fr\/wp-json\/wp\/v2\/comments?post=329"}],"version-history":[{"count":34,"href":"https:\/\/lavergneosteopathy.com\/fr\/wp-json\/wp\/v2\/pages\/329\/revisions"}],"predecessor-version":[{"id":912,"href":"https:\/\/lavergneosteopathy.com\/fr\/wp-json\/wp\/v2\/pages\/329\/revisions\/912"}],"wp:attachment":[{"href":"https:\/\/lavergneosteopathy.com\/fr\/wp-json\/wp\/v2\/media?parent=329"}],"curies":[{"name":"wp","href":"https:\/\/api.w.org\/{rel}","templated":true}]}}