{"id":326,"date":"2021-03-21T23:04:26","date_gmt":"2021-03-21T23:04:26","guid":{"rendered":"http:\/\/dev.lavergneosteopathy.com\/a-propos-de-losteopathie\/"},"modified":"2021-04-19T00:40:21","modified_gmt":"2021-04-19T00:40:21","slug":"a-propos-de-losteopathie","status":"publish","type":"page","link":"https:\/\/lavergneosteopathy.com\/fr\/a-propos-de-losteopathie\/","title":{"rendered":"\u00c0 propos de l\u2019ost\u00e9opathie"},"content":{"rendered":"<p>[et_pb_section fb_built=\u00a0\u00bb1&Prime; specialty=\u00a0\u00bbon\u00a0\u00bb module_class_1=\u00a0\u00bbsidebarMenu\u00a0\u00bb module_class_2=\u00a0\u00bbnarrowTextColumn\u00a0\u00bb _builder_version=\u00a0\u00bb4.6.5&Prime;][et_pb_column type=\u00a0\u00bb1_4&Prime; _builder_version=\u00a0\u00bb3.25&Prime; custom_padding=\u00a0\u00bb|||\u00a0\u00bb custom_padding__hover=\u00a0\u00bb|||\u00a0\u00bb][et_pb_menu menu_id=\u00a0\u00bb5&Prime; submenu_direction=\u00a0\u00bbdownwards\u00a0\u00bb disabled_on=\u00a0\u00bbon|on|off\u00a0\u00bb admin_label=\u00a0\u00bbAbout\u00a0\u00bb _builder_version=\u00a0\u00bb4.6.5&Prime; menu_font=\u00a0\u00bbOpen Sans||||||||\u00a0\u00bb menu_text_color=\u00a0\u00bb#101010&Prime; vertical_offset_tablet=\u00a0\u00bb0&Prime; horizontal_offset_tablet=\u00a0\u00bb0&Prime; sticky_position=\u00a0\u00bbtop\u00a0\u00bb sticky_offset_top=\u00a0\u00bb18px\u00a0\u00bb sticky_limit_bottom=\u00a0\u00bbrow\u00a0\u00bb z_index_tablet=\u00a0\u00bb0&Prime; active_link_color__sticky_enabled=\u00a0\u00bboff|desktop\u00a0\u00bb][\/et_pb_menu][\/et_pb_column][et_pb_column type=\u00a0\u00bb3_4&Prime; specialty_columns=\u00a0\u00bb3&Prime; _builder_version=\u00a0\u00bb3.25&Prime; custom_padding=\u00a0\u00bb|||\u00a0\u00bb custom_padding__hover=\u00a0\u00bb|||\u00a0\u00bb][et_pb_row_inner _builder_version=\u00a0\u00bb3.25&Prime;][et_pb_column_inner saved_specialty_column_type=\u00a0\u00bb3_4&Prime; _builder_version=\u00a0\u00bb3.25&Prime; custom_padding=\u00a0\u00bb|||\u00a0\u00bb custom_padding__hover=\u00a0\u00bb|||\u00a0\u00bb][et_pb_post_title meta=\u00a0\u00bboff\u00a0\u00bb featured_image=\u00a0\u00bboff\u00a0\u00bb _builder_version=\u00a0\u00bb4.6.5&Prime; _module_preset=\u00a0\u00bbdefault\u00a0\u00bb][\/et_pb_post_title][et_pb_text _builder_version=\u00a0\u00bb4.6.5&Prime; vertical_offset_tablet=\u00a0\u00bb0&Prime; horizontal_offset_tablet=\u00a0\u00bb0&Prime; z_index_tablet=\u00a0\u00bb0&Prime; text_text_shadow_horizontal_length_tablet=\u00a0\u00bb0px\u00a0\u00bb text_text_shadow_vertical_length_tablet=\u00a0\u00bb0px\u00a0\u00bb text_text_shadow_blur_strength_tablet=\u00a0\u00bb1px\u00a0\u00bb link_text_shadow_horizontal_length_tablet=\u00a0\u00bb0px\u00a0\u00bb link_text_shadow_vertical_length_tablet=\u00a0\u00bb0px\u00a0\u00bb link_text_shadow_blur_strength_tablet=\u00a0\u00bb1px\u00a0\u00bb ul_text_shadow_horizontal_length_tablet=\u00a0\u00bb0px\u00a0\u00bb ul_text_shadow_vertical_length_tablet=\u00a0\u00bb0px\u00a0\u00bb ul_text_shadow_blur_strength_tablet=\u00a0\u00bb1px\u00a0\u00bb ol_text_shadow_horizontal_length_tablet=\u00a0\u00bb0px\u00a0\u00bb ol_text_shadow_vertical_length_tablet=\u00a0\u00bb0px\u00a0\u00bb ol_text_shadow_blur_strength_tablet=\u00a0\u00bb1px\u00a0\u00bb quote_text_shadow_horizontal_length_tablet=\u00a0\u00bb0px\u00a0\u00bb quote_text_shadow_vertical_length_tablet=\u00a0\u00bb0px\u00a0\u00bb quote_text_shadow_blur_strength_tablet=\u00a0\u00bb1px\u00a0\u00bb header_text_shadow_horizontal_length_tablet=\u00a0\u00bb0px\u00a0\u00bb header_text_shadow_vertical_length_tablet=\u00a0\u00bb0px\u00a0\u00bb header_text_shadow_blur_strength_tablet=\u00a0\u00bb1px\u00a0\u00bb header_2_text_shadow_horizontal_length_tablet=\u00a0\u00bb0px\u00a0\u00bb header_2_text_shadow_vertical_length_tablet=\u00a0\u00bb0px\u00a0\u00bb header_2_text_shadow_blur_strength_tablet=\u00a0\u00bb1px\u00a0\u00bb header_3_text_shadow_horizontal_length_tablet=\u00a0\u00bb0px\u00a0\u00bb header_3_text_shadow_vertical_length_tablet=\u00a0\u00bb0px\u00a0\u00bb header_3_text_shadow_blur_strength_tablet=\u00a0\u00bb1px\u00a0\u00bb header_4_text_shadow_horizontal_length_tablet=\u00a0\u00bb0px\u00a0\u00bb header_4_text_shadow_vertical_length_tablet=\u00a0\u00bb0px\u00a0\u00bb header_4_text_shadow_blur_strength_tablet=\u00a0\u00bb1px\u00a0\u00bb header_5_text_shadow_horizontal_length_tablet=\u00a0\u00bb0px\u00a0\u00bb header_5_text_shadow_vertical_length_tablet=\u00a0\u00bb0px\u00a0\u00bb header_5_text_shadow_blur_strength_tablet=\u00a0\u00bb1px\u00a0\u00bb header_6_text_shadow_horizontal_length_tablet=\u00a0\u00bb0px\u00a0\u00bb header_6_text_shadow_vertical_length_tablet=\u00a0\u00bb0px\u00a0\u00bb header_6_text_shadow_blur_strength_tablet=\u00a0\u00bb1px\u00a0\u00bb box_shadow_horizontal_tablet=\u00a0\u00bb0px\u00a0\u00bb box_shadow_vertical_tablet=\u00a0\u00bb0px\u00a0\u00bb box_shadow_blur_tablet=\u00a0\u00bb40px\u00a0\u00bb box_shadow_spread_tablet=\u00a0\u00bb0px\u00a0\u00bb]<\/p>\n<p>La pratique manuelle de l\u2019ost\u00e9opathie emprunte une d\u00e9marche sp\u00e9cifique \u2014 elle ne vise pas uniquement \u00e0 soulager des sympt\u00f4mes physiques, mais \u00e0 influencer la physiologie du patient sachant que le corps humain est une \u00abunit\u00e9 fonctionnelle dynamique\u00bb. Elle tient compte de toute la personne, avec respect et sollicitude. Les mains attentives de l\u2019ost\u00e9opathe et les nombreuses techniques sont en harmonie avec l\u2019autor\u00e9gulation du corps. L\u2019ost\u00e9opathie est une discipline sp\u00e9cialis\u00e9e ax\u00e9e sur les soins pratiques de la personne vue comme un tout. Elle facilite la capacit\u00e9 inh\u00e9rente \u00e0 l\u2019organisme \u00e0 se soigner luim\u00eame et encourage la personne \u00e0 adopter un style de vie sain.<\/p>\n<p>[\/et_pb_text][et_pb_image src=\u00a0\u00bbhttps:\/\/lavergneosteopathy.com\/wp-content\/uploads\/2021\/04\/LittleBoyOsteo.jpg\u00a0\u00bb title_text=\u00a0\u00bbLittleBoyOsteo\u00a0\u00bb _builder_version=\u00a0\u00bb4.9.3&Prime; _module_preset=\u00a0\u00bbdefault\u00a0\u00bb custom_margin=\u00a0\u00bb45px||51px||false|false\u00a0\u00bb locked=\u00a0\u00bboff\u00a0\u00bb][\/et_pb_image][et_pb_text _builder_version=\u00a0\u00bb4.6.5&Prime; vertical_offset_tablet=\u00a0\u00bb0&Prime; horizontal_offset_tablet=\u00a0\u00bb0&Prime; z_index_tablet=\u00a0\u00bb0&Prime; text_text_shadow_horizontal_length_tablet=\u00a0\u00bb0px\u00a0\u00bb text_text_shadow_vertical_length_tablet=\u00a0\u00bb0px\u00a0\u00bb text_text_shadow_blur_strength_tablet=\u00a0\u00bb1px\u00a0\u00bb link_text_shadow_horizontal_length_tablet=\u00a0\u00bb0px\u00a0\u00bb link_text_shadow_vertical_length_tablet=\u00a0\u00bb0px\u00a0\u00bb link_text_shadow_blur_strength_tablet=\u00a0\u00bb1px\u00a0\u00bb ul_text_shadow_horizontal_length_tablet=\u00a0\u00bb0px\u00a0\u00bb ul_text_shadow_vertical_length_tablet=\u00a0\u00bb0px\u00a0\u00bb ul_text_shadow_blur_strength_tablet=\u00a0\u00bb1px\u00a0\u00bb ol_text_shadow_horizontal_length_tablet=\u00a0\u00bb0px\u00a0\u00bb ol_text_shadow_vertical_length_tablet=\u00a0\u00bb0px\u00a0\u00bb ol_text_shadow_blur_strength_tablet=\u00a0\u00bb1px\u00a0\u00bb quote_text_shadow_horizontal_length_tablet=\u00a0\u00bb0px\u00a0\u00bb quote_text_shadow_vertical_length_tablet=\u00a0\u00bb0px\u00a0\u00bb quote_text_shadow_blur_strength_tablet=\u00a0\u00bb1px\u00a0\u00bb header_text_shadow_horizontal_length_tablet=\u00a0\u00bb0px\u00a0\u00bb header_text_shadow_vertical_length_tablet=\u00a0\u00bb0px\u00a0\u00bb header_text_shadow_blur_strength_tablet=\u00a0\u00bb1px\u00a0\u00bb header_2_text_shadow_horizontal_length_tablet=\u00a0\u00bb0px\u00a0\u00bb header_2_text_shadow_vertical_length_tablet=\u00a0\u00bb0px\u00a0\u00bb header_2_text_shadow_blur_strength_tablet=\u00a0\u00bb1px\u00a0\u00bb header_3_text_shadow_horizontal_length_tablet=\u00a0\u00bb0px\u00a0\u00bb header_3_text_shadow_vertical_length_tablet=\u00a0\u00bb0px\u00a0\u00bb header_3_text_shadow_blur_strength_tablet=\u00a0\u00bb1px\u00a0\u00bb header_4_text_shadow_horizontal_length_tablet=\u00a0\u00bb0px\u00a0\u00bb header_4_text_shadow_vertical_length_tablet=\u00a0\u00bb0px\u00a0\u00bb header_4_text_shadow_blur_strength_tablet=\u00a0\u00bb1px\u00a0\u00bb header_5_text_shadow_horizontal_length_tablet=\u00a0\u00bb0px\u00a0\u00bb header_5_text_shadow_vertical_length_tablet=\u00a0\u00bb0px\u00a0\u00bb header_5_text_shadow_blur_strength_tablet=\u00a0\u00bb1px\u00a0\u00bb header_6_text_shadow_horizontal_length_tablet=\u00a0\u00bb0px\u00a0\u00bb header_6_text_shadow_vertical_length_tablet=\u00a0\u00bb0px\u00a0\u00bb header_6_text_shadow_blur_strength_tablet=\u00a0\u00bb1px\u00a0\u00bb box_shadow_horizontal_tablet=\u00a0\u00bb0px\u00a0\u00bb box_shadow_vertical_tablet=\u00a0\u00bb0px\u00a0\u00bb box_shadow_blur_tablet=\u00a0\u00bb40px\u00a0\u00bb box_shadow_spread_tablet=\u00a0\u00bb0px\u00a0\u00bb]<\/p>\n<p>Au Canada, l\u2019ost\u00e9opathie n\u2019est pas une profession r\u00e9glement\u00e9, raison pour laquelle <i>Lavergne Osteopathy<\/i> est membre de l\u2019Association des ost\u00e9opathes du NouveauBrunswick (AONB) (<a href=\"http:\/\/osteopathnb.org\/about-us\/\">http:\/\/osteopathnb.org\/about-us\/<\/a>). L\u2019AONB repr\u00e9sente des ost\u00e9opathes dipl\u00f4m\u00e9s dont la formation r\u00e9pond aux crit\u00e8res mondiaux.<\/p>\n<p>L\u2019ost\u00e9opathe se concentre sur votre syst\u00e8me musculosquelettique \u2014 les os, les nerfs et les tissus qui soutiennent le corps et contr\u00f4lent ses mouvements. L\u2019ost\u00e9opathe proc\u00e8de \u00e0 l\u2019\u00e9valuation des syst\u00e8mes nerveux et musculosquelettique, \u00e0 des palpations et \u00e0 certains exercices cliniques, et prodigue des conseils li\u00e9s au mouvement, \u00e0 la posture et \u00e0 la position. Lorsqu\u2019un cas d\u00e9passe la port\u00e9e de sa pratique, l\u2019ost\u00e9opathe recommande au patient de consulter d\u2019autres professionnels de la sant\u00e9.<span class=\"Apple-converted-space\">\u00a0<\/span><\/p>\n<p>L\u2019ost\u00e9opathie est une m\u00e9thode douce et naturelle qui exerce un effet sur l\u2019anatomie et la physiologie de l\u2019organisme tout en recherchant la cause de la tension et du d\u00e9s\u00e9quilibre pr\u00e9sents dans le corps. Pour y parvenir, l\u2019ost\u00e9opathe mise sur la qualit\u00e9 et la finesse de la palpation pour d\u00e9terminer la position, la mobilit\u00e9, la motilit\u00e9 et la qualit\u00e9 des tissus. Pour agir efficacement, l\u2019ost\u00e9opathe doit ma\u00eetriser l\u2019art et la science fond\u00e9s sur la connaissance des interactions entre les syst\u00e8mes et les m\u00e9canismes du corps humain pour optimiser sa physiologie et sa propre expression de la sant\u00e9.<\/p>\n<p>Les ost\u00e9opathes qui sont accr\u00e9dit\u00e9s au Canada sont consid\u00e9r\u00e9s comme des praticiens manuels et sont form\u00e9s pour traiter des personnes de tous \u00e2ges. Ce ne sont pas des m\u00e9decins.<\/p>\n<p>[\/et_pb_text][\/et_pb_column_inner][\/et_pb_row_inner][et_pb_row_inner _builder_version=\u00a0\u00bb4.6.5&Prime; _module_preset=\u00a0\u00bbdefault\u00a0\u00bb hover_enabled=\u00a0\u00bb0&Prime; sticky_enabled=\u00a0\u00bb0&Prime;][et_pb_column_inner saved_specialty_column_type=\u00a0\u00bb3_4&Prime; _builder_version=\u00a0\u00bb4.6.5&Prime; _module_preset=\u00a0\u00bbdefault\u00a0\u00bb][et_pb_image src=\u00a0\u00bbhttps:\/\/lavergneosteopathy.com\/wp-content\/uploads\/2021\/04\/GirlTableCranialOsteo.jpg\u00a0\u00bb title_text=\u00a0\u00bbGirlTableCranialOsteo\u00a0\u00bb _builder_version=\u00a0\u00bb4.9.3&Prime; _module_preset=\u00a0\u00bbdefault\u00a0\u00bb custom_margin=\u00a0\u00bb0px||51px||false|false\u00a0\u00bb hover_enabled=\u00a0\u00bb0&Prime; locked=\u00a0\u00bboff\u00a0\u00bb sticky_enabled=\u00a0\u00bb0&Prime;][\/et_pb_image][et_pb_text _builder_version=\u00a0\u00bb4.6.5&Prime; _module_preset=\u00a0\u00bbdefault\u00a0\u00bb]<\/p>\n<h2>Principes de l\u2019ost\u00e9opathie<\/h2>\n<p>Le docteur Sutherland a d\u00e9couvert, d\u00e9velopp\u00e9 et enseign\u00e9 l\u2019ost\u00e9opathie cr\u00e2nienne entre le d\u00e9but et la moiti\u00e9 des ann\u00e9es 1900. Son concept cr\u00e2nien s\u2019inscrivait dans le prolongement de la science ost\u00e9opathique de Andrew Taylor Still.<\/p>\n<p>[\/et_pb_text][et_pb_text module_class=\u00a0\u00bbcalloutTextModule\u00a0\u00bb _builder_version=\u00a0\u00bb4.6.5&Prime; _module_preset=\u00a0\u00bbdefault\u00a0\u00bb]<\/p>\n<h5>\u201c<b>L\u2019unit\u00e9 fonctionnelle<\/b>\u201d<\/h5>\n<p>L\u2019importance que toutes les parties du corps fonctionnent ensemble; la relation entre tous les syst\u00e8mes. Lorsqu\u2019une unit\u00e9 fonctionnelle est perturb\u00e9e, cette perturbation est transmise aux autres parties du corps.<\/p>\n<h5>\u00ab\u00a0<b>Le syst\u00e8me d\u2019autor\u00e9gulation<\/b>\u201d<\/h5>\n<p>La restauration de la mobilit\u00e9, de la vitalit\u00e9 et de la position am\u00e9liore la capacit\u00e9 naturelle du corps de gu\u00e9rir. Le corps, lorsqu\u2019il est nourri correctement, a le pouvoir de se d\u00e9fendre, de se r\u00e9parer et de conserver une sant\u00e9 normale.<\/p>\n<h5>\u201c<b>La structure r\u00e9git la fonction<\/b>\u201d<\/h5>\n<p>La compression, la restriction, le blocage ou la fixit\u00e9 d\u2019un segment ou d\u2019une structure a un effet direct sur les fonctions des tissus et des organes qui interagissent avec ce segment ou cette structure. L\u2019ost\u00e9opathie croit et s\u2019int\u00e9resse \u00e0 l\u2019interrelation entre la structure et la fonction.<\/p>\n<h5>\u201c<b> Le r\u00f4le de l\u2019art\u00e8re est absolu <\/b>\u201d<\/h5>\n<p>Tous les fluides du corps doivent circuler librement. Le r\u00e9tablissement de la sant\u00e9 chez un patient se fait en aidant \u00e0 \u00e9liminer toute forme d\u2019obstruction, de compression et de tension.<\/p>\n<p>[\/et_pb_text][\/et_pb_column_inner][\/et_pb_row_inner][\/et_pb_column][\/et_pb_section]<\/p>\n","protected":false},"excerpt":{"rendered":"<p>[et_pb_section fb_built=\u00a0\u00bb1&Prime; specialty=\u00a0\u00bbon\u00a0\u00bb module_class_1=\u00a0\u00bbsidebarMenu\u00a0\u00bb module_class_2=\u00a0\u00bbnarrowTextColumn\u00a0\u00bb _builder_version=\u00a0\u00bb4.6.5&Prime;][et_pb_column type=\u00a0\u00bb1_4&Prime; _builder_version=\u00a0\u00bb3.25&Prime; custom_padding=\u00a0\u00bb|||\u00a0\u00bb custom_padding__hover=\u00a0\u00bb|||\u00a0\u00bb][et_pb_menu menu_id=\u00a0\u00bb5&Prime; submenu_direction=\u00a0\u00bbdownwards\u00a0\u00bb disabled_on=\u00a0\u00bbon|on|off\u00a0\u00bb admin_label=\u00a0\u00bbAbout\u00a0\u00bb _builder_version=\u00a0\u00bb4.6.5&Prime; menu_font=\u00a0\u00bbOpen Sans||||||||\u00a0\u00bb menu_text_color=\u00a0\u00bb#101010&Prime; vertical_offset_tablet=\u00a0\u00bb0&Prime; horizontal_offset_tablet=\u00a0\u00bb0&Prime; sticky_position=\u00a0\u00bbtop\u00a0\u00bb sticky_offset_top=\u00a0\u00bb18px\u00a0\u00bb sticky_limit_bottom=\u00a0\u00bbrow\u00a0\u00bb z_index_tablet=\u00a0\u00bb0&Prime; active_link_color__sticky_enabled=\u00a0\u00bboff|desktop\u00a0\u00bb][\/et_pb_menu][\/et_pb_column][et_pb_column type=\u00a0\u00bb3_4&Prime; specialty_columns=\u00a0\u00bb3&Prime; _builder_version=\u00a0\u00bb3.25&Prime; custom_padding=\u00a0\u00bb|||\u00a0\u00bb custom_padding__hover=\u00a0\u00bb|||\u00a0\u00bb][et_pb_row_inner _builder_version=\u00a0\u00bb3.25&Prime;][et_pb_column_inner saved_specialty_column_type=\u00a0\u00bb3_4&Prime; _builder_version=\u00a0\u00bb3.25&Prime; custom_padding=\u00a0\u00bb|||\u00a0\u00bb custom_padding__hover=\u00a0\u00bb|||\u00a0\u00bb][et_pb_post_title meta=\u00a0\u00bboff\u00a0\u00bb featured_image=\u00a0\u00bboff\u00a0\u00bb _builder_version=\u00a0\u00bb4.6.5&Prime; _module_preset=\u00a0\u00bbdefault\u00a0\u00bb][\/et_pb_post_title][et_pb_text _builder_version=\u00a0\u00bb4.6.5&Prime; vertical_offset_tablet=\u00a0\u00bb0&Prime; horizontal_offset_tablet=\u00a0\u00bb0&Prime; z_index_tablet=\u00a0\u00bb0&Prime; text_text_shadow_horizontal_length_tablet=\u00a0\u00bb0px\u00a0\u00bb text_text_shadow_vertical_length_tablet=\u00a0\u00bb0px\u00a0\u00bb text_text_shadow_blur_strength_tablet=\u00a0\u00bb1px\u00a0\u00bb link_text_shadow_horizontal_length_tablet=\u00a0\u00bb0px\u00a0\u00bb link_text_shadow_vertical_length_tablet=\u00a0\u00bb0px\u00a0\u00bb link_text_shadow_blur_strength_tablet=\u00a0\u00bb1px\u00a0\u00bb ul_text_shadow_horizontal_length_tablet=\u00a0\u00bb0px\u00a0\u00bb ul_text_shadow_vertical_length_tablet=\u00a0\u00bb0px\u00a0\u00bb ul_text_shadow_blur_strength_tablet=\u00a0\u00bb1px\u00a0\u00bb ol_text_shadow_horizontal_length_tablet=\u00a0\u00bb0px\u00a0\u00bb ol_text_shadow_vertical_length_tablet=\u00a0\u00bb0px\u00a0\u00bb ol_text_shadow_blur_strength_tablet=\u00a0\u00bb1px\u00a0\u00bb [&hellip;]<\/p>\n","protected":false},"author":1,"featured_media":0,"parent":0,"menu_order":0,"comment_status":"closed","ping_status":"closed","template":"","meta":{"_et_pb_use_builder":"on","_et_pb_old_content":"","_et_gb_content_width":"","footnotes":""},"class_list":["post-326","page","type-page","status-publish","hentry"],"_links":{"self":[{"href":"https:\/\/lavergneosteopathy.com\/fr\/wp-json\/wp\/v2\/pages\/326","targetHints":{"allow":["GET"]}}],"collection":[{"href":"https:\/\/lavergneosteopathy.com\/fr\/wp-json\/wp\/v2\/pages"}],"about":[{"href":"https:\/\/lavergneosteopathy.com\/fr\/wp-json\/wp\/v2\/types\/page"}],"author":[{"embeddable":true,"href":"https:\/\/lavergneosteopathy.com\/fr\/wp-json\/wp\/v2\/users\/1"}],"replies":[{"embeddable":true,"href":"https:\/\/lavergneosteopathy.com\/fr\/wp-json\/wp\/v2\/comments?post=326"}],"version-history":[{"count":15,"href":"https:\/\/lavergneosteopathy.com\/fr\/wp-json\/wp\/v2\/pages\/326\/revisions"}],"predecessor-version":[{"id":670,"href":"https:\/\/lavergneosteopathy.com\/fr\/wp-json\/wp\/v2\/pages\/326\/revisions\/670"}],"wp:attachment":[{"href":"https:\/\/lavergneosteopathy.com\/fr\/wp-json\/wp\/v2\/media?parent=326"}],"curies":[{"name":"wp","href":"https:\/\/api.w.org\/{rel}","templated":true}]}}